{"id":2,"date":"2019-06-13T17:38:48","date_gmt":"2019-06-13T17:38:48","guid":{"rendered":"http:\/\/ignoramus.cz\/?page_id=2"},"modified":"2025-05-15T16:55:17","modified_gmt":"2025-05-15T16:55:17","slug":"sample-page","status":"publish","type":"page","link":"https:\/\/ignoramus.cz\/?page_id=2","title":{"rendered":"O \u010dem to je?"},"content":{"rendered":"\n<p class=\"has-text-align-center\">Zjistil jsem, \u017ee m\u00e1m pot\u0159ebu ps\u00e1t v \u010desk\u00e9m jazyce. Sv\u00e9ho \u010dasu jsem byl plodn\u00fdm pis\u00e1lkem. Nic sv\u011btoborn\u00e9ho, vesm\u011bs glosy, eseje a kr\u00e1tk\u00e9 p\u0159\u00edb\u011bhy. Pak jsem ps\u00e1t \u00fapln\u011b p\u0159estal a \u010de\u0161tinu pou\u017e\u00edval jen m\u00e1lo, nebo\u0165 dlouhodob\u011b \u017eiji v USA, kde m\u00e1m jak rodinn\u00e9 tak i profesn\u00ed z\u00e1zem\u00ed. Nakonec mi to nedalo a za\u010dal jsem ps\u00e1t v angli\u010dtin\u011b, ale za\u010dala mi chyb\u011bt pr\u00e1v\u011b ta \u010de\u0161tina. V posledn\u00ed dob\u011b jsem si v\u0161iml koordinovan\u00e9ho \u00fasil\u00ed v z\u00e1padn\u00edch zem\u00edch krystalizovat ve\u0159ejn\u00e9 m\u00edn\u011bn\u00ed v ur\u010dit\u00e9m duchu a sm\u011bru. Tak\u00e9 m\u011b fascinuje, jak je jednoduch\u00e9 pro malou skupinu lid\u00ed manipulovat masou konzument\u016f informac\u00ed prost\u0159ednictv\u00edm emoc\u00ed, kter\u00e9 jsou pak hybnou silou tohoto \u00fasil\u00ed st\u00e1tu a korporac\u00ed. <strong>Kam n\u00e1s to sm\u011b\u0159uj\u00ed?<\/strong> Na tuto ot\u00e1zku bych r\u00e1d ve sv\u00fdch glos\u00e1ch a post\u0159ez\u00edch na\u0161el odpov\u011b\u010f. Ale hlavn\u011b mi jde o to, ps\u00e1t zase \u010desky. Nakonec z toho m\u016f\u017ee b\u00fdt i dal\u0161\u00ed publikace! <\/p>\n\n\n\n<div class=\"wp-block-group\"><div class=\"wp-block-group__inner-container\"><\/div><\/div>\n\n\n\n<p class=\"has-text-align-center\"><em><strong>V\u0161echno, co si mysl\u00edme, \u017ee v\u00edme, je v\u0161\u00edm, o \u010dem nev\u00edme v\u016fbec nic.<\/strong><\/em><\/p>\n\n\n\n<figure class=\"wp-block-image aligncenter size-large is-resized is-style-default\"><img loading=\"lazy\" width=\"541\" height=\"713\" src=\"https:\/\/ignoramus.cz\/wp-content\/uploads\/2023\/11\/yyyyyy_page-0001-1.jpg\" alt=\"\" class=\"wp-image-1015\" style=\"width:353px;height:444px\" srcset=\"https:\/\/ignoramus.cz\/wp-content\/uploads\/2023\/11\/yyyyyy_page-0001-1.jpg 541w, https:\/\/ignoramus.cz\/wp-content\/uploads\/2023\/11\/yyyyyy_page-0001-1-228x300.jpg 228w\" sizes=\"(max-width: 541px) 100vw, 541px\" \/><\/figure>\n\n\n\n<p class=\"has-text-align-center\">Filip \u0160orf<\/p>\n\n\n\n<p class=\"has-text-align-center\">           Kontakt:  <a href=\"mailto:fsorf@protonmail.com\">@Email<\/a>      <\/p>\n\n\n\n<p class=\"has-text-align-center\">________________________________<\/p>\n\n\n\n<p class=\"has-text-align-center has-small-font-size\"><em>Autorsk\u00e1 pr\u00e1va k publikovan\u00fdm \u010dl\u00e1nk\u016fm pat\u0159\u00ed autorovi a ten si na n\u011b klade v\u00fdhradn\u00ed pr\u00e1vo. P\u0159epis, publikace mo\u017en\u00e1 pouze s odkazem na tyto str\u00e1nky a autora samotn\u00e9ho. <\/em><\/p>\n\n\n\n<p class=\"has-text-align-center\">\n________________________________\n\n<\/p>\n\n\n\n<p class=\"has-text-align-center\" style=\"font-size:11px\">V\u0161echna pr\u00e1va vyhrazena www.ignoramus.cz 2019.<\/p>\n","protected":false},"excerpt":{"rendered":"<p>Zjistil jsem, \u017ee m\u00e1m pot\u0159ebu ps\u00e1t v \u010desk\u00e9m jazyce. Sv\u00e9ho \u010dasu jsem byl plodn\u00fdm pis\u00e1lkem. Nic sv\u011btoborn\u00e9ho, vesm\u011bs glosy, eseje a kr\u00e1tk\u00e9 p\u0159\u00edb\u011bhy. Pak jsem ps\u00e1t \u00fapln\u011b p\u0159estal a \u010de\u0161tinu pou\u017e\u00edval jen m\u00e1lo, nebo\u0165 dlouhodob\u011b \u017eiji v USA, kde m\u00e1m jak rodinn\u00e9 tak i profesn\u00ed z\u00e1zem\u00ed. Nakonec mi to nedalo a za\u010dal jsem ps\u00e1t v [&hellip;]<\/p>\n","protected":false},"author":1,"featured_media":0,"parent":0,"menu_order":0,"comment_status":"closed","ping_status":"closed","template":"","meta":{"spay_email":""},"_links":{"self":[{"href":"https:\/\/ignoramus.cz\/index.php?rest_route=\/wp\/v2\/pages\/2"}],"collection":[{"href":"https:\/\/ignoramus.cz\/index.php?rest_route=\/wp\/v2\/pages"}],"about":[{"href":"https:\/\/ignoramus.cz\/index.php?rest_route=\/wp\/v2\/types\/page"}],"author":[{"embeddable":true,"href":"https:\/\/ignoramus.cz\/index.php?rest_route=\/wp\/v2\/users\/1"}],"replies":[{"embeddable":true,"href":"https:\/\/ignoramus.cz\/index.php?rest_route=%2Fwp%2Fv2%2Fcomments&post=2"}],"version-history":[{"count":79,"href":"https:\/\/ignoramus.cz\/index.php?rest_route=\/wp\/v2\/pages\/2\/revisions"}],"predecessor-version":[{"id":1133,"href":"https:\/\/ignoramus.cz\/index.php?rest_route=\/wp\/v2\/pages\/2\/revisions\/1133"}],"wp:attachment":[{"href":"https:\/\/ignoramus.cz\/index.php?rest_route=%2Fwp%2Fv2%2Fmedia&parent=2"}],"curies":[{"name":"wp","href":"https:\/\/api.w.org\/{rel}","templated":true}]}}