{"id":36,"date":"2019-12-03T14:20:51","date_gmt":"2019-12-03T14:20:51","guid":{"rendered":"http:\/\/ignoramus.cz\/?page_id=36"},"modified":"2023-11-29T15:05:44","modified_gmt":"2023-11-29T15:05:44","slug":"archiv","status":"publish","type":"page","link":"https:\/\/ignoramus.cz\/","title":{"rendered":""},"content":{"rendered":"\n<p class=\"has-text-align-center\"><strong>Nezn\u00e1me-li jm\u00e9na v\u011bc\u00ed kolem n\u00e1s, pozn\u00e1n\u00ed v\u011bc\u00ed samotn\u00fdch zanikne. Ztrat\u00edme-li takov\u00e1 jm\u00e9na, potom ztrat\u00edme i schopnost je rozli\u0161ovat.<\/strong><\/p>\n\n\n\n<figure class=\"wp-block-image size-large\"><img loading=\"lazy\" width=\"636\" height=\"549\" src=\"https:\/\/ignoramus.cz\/wp-content\/uploads\/2023\/11\/veil.jpg\" alt=\"\" class=\"wp-image-997\" srcset=\"https:\/\/ignoramus.cz\/wp-content\/uploads\/2023\/11\/veil.jpg 636w, https:\/\/ignoramus.cz\/wp-content\/uploads\/2023\/11\/veil-300x259.jpg 300w\" sizes=\"(max-width: 636px) 100vw, 636px\" \/><\/figure>\n\n\n\n<p class=\"has-text-align-center\"><em>Ignoramus et Ignorabimus<\/em><\/p>\n","protected":false},"excerpt":{"rendered":"<p>Nezn\u00e1me-li jm\u00e9na v\u011bc\u00ed kolem n\u00e1s, pozn\u00e1n\u00ed v\u011bc\u00ed samotn\u00fdch zanikne. Ztrat\u00edme-li takov\u00e1 jm\u00e9na, potom ztrat\u00edme i schopnost je rozli\u0161ovat. Ignoramus et Ignorabimus<\/p>\n","protected":false},"author":1,"featured_media":0,"parent":0,"menu_order":0,"comment_status":"closed","ping_status":"closed","template":"","meta":{"spay_email":""},"_links":{"self":[{"href":"https:\/\/ignoramus.cz\/index.php?rest_route=\/wp\/v2\/pages\/36"}],"collection":[{"href":"https:\/\/ignoramus.cz\/index.php?rest_route=\/wp\/v2\/pages"}],"about":[{"href":"https:\/\/ignoramus.cz\/index.php?rest_route=\/wp\/v2\/types\/page"}],"author":[{"embeddable":true,"href":"https:\/\/ignoramus.cz\/index.php?rest_route=\/wp\/v2\/users\/1"}],"replies":[{"embeddable":true,"href":"https:\/\/ignoramus.cz\/index.php?rest_route=%2Fwp%2Fv2%2Fcomments&post=36"}],"version-history":[{"count":116,"href":"https:\/\/ignoramus.cz\/index.php?rest_route=\/wp\/v2\/pages\/36\/revisions"}],"predecessor-version":[{"id":1027,"href":"https:\/\/ignoramus.cz\/index.php?rest_route=\/wp\/v2\/pages\/36\/revisions\/1027"}],"wp:attachment":[{"href":"https:\/\/ignoramus.cz\/index.php?rest_route=%2Fwp%2Fv2%2Fmedia&parent=36"}],"curies":[{"name":"wp","href":"https:\/\/api.w.org\/{rel}","templated":true}]}}