{"id":616,"date":"2020-10-01T19:55:06","date_gmt":"2020-10-01T19:55:06","guid":{"rendered":"http:\/\/ignoramus.cz\/?page_id=616"},"modified":"2026-01-06T15:44:50","modified_gmt":"2026-01-06T15:44:50","slug":"glosy","status":"publish","type":"page","link":"https:\/\/ignoramus.cz\/?page_id=616","title":{"rendered":"Tribuna"},"content":{"rendered":"\n<p><a rel=\"noreferrer noopener\" href=\"http:\/\/ignoramus.cz\/?p=1105(otev\u0159e se na nov\u00e9 z\u00e1lo\u017ece)\" target=\"_blank\">V\u011bda1984<\/a><\/p>\n\n\n\n<p><a href=\"https:\/\/ignoramus.cz\/?p=1138\">Svoboda slova<\/a><\/p>\n\n\n\n<p><a href=\"https:\/\/ignoramus.cz\/?p=1143\">V\u00e1lka v\u00e1lku bije<\/a><\/p>\n\n\n\n<p><a href=\"https:\/\/ignoramus.cz\/?p=1147\">Triumvir\u00e1t zlomysln\u00fdch \u0161k\u016fdc\u016f n\u00e1roda \u010cesk\u00e9ho (Triumvirate Boiohaemum)<\/a><\/p>\n\n\n\n<p><a href=\"https:\/\/ignoramus.cz\/?p=1176\">Triumvir\u00e1t zlomysln\u00fdch \u0161k\u016fdc\u016f n\u00e1roda \u010cesk\u00e9ho &#8211; Interregnum<\/a><\/p>\n\n\n\n<p><a href=\"https:\/\/ignoramus.cz\/?p=1186\">\u010cl\u00e1nek z v\u011bdeck\u00e9ho \u010dasopisu Svornost &#8211; UNIK\u00c1T<\/a><\/p>\n","protected":false},"excerpt":{"rendered":"<p>V\u011bda1984 Svoboda slova V\u00e1lka v\u00e1lku bije Triumvir\u00e1t zlomysln\u00fdch \u0161k\u016fdc\u016f n\u00e1roda \u010cesk\u00e9ho (Triumvirate Boiohaemum) Triumvir\u00e1t zlomysln\u00fdch \u0161k\u016fdc\u016f n\u00e1roda \u010cesk\u00e9ho &#8211; Interregnum \u010cl\u00e1nek z v\u011bdeck\u00e9ho \u010dasopisu Svornost &#8211; UNIK\u00c1T<\/p>\n","protected":false},"author":1,"featured_media":0,"parent":0,"menu_order":0,"comment_status":"closed","ping_status":"closed","template":"","meta":{"spay_email":""},"_links":{"self":[{"href":"https:\/\/ignoramus.cz\/index.php?rest_route=\/wp\/v2\/pages\/616"}],"collection":[{"href":"https:\/\/ignoramus.cz\/index.php?rest_route=\/wp\/v2\/pages"}],"about":[{"href":"https:\/\/ignoramus.cz\/index.php?rest_route=\/wp\/v2\/types\/page"}],"author":[{"embeddable":true,"href":"https:\/\/ignoramus.cz\/index.php?rest_route=\/wp\/v2\/users\/1"}],"replies":[{"embeddable":true,"href":"https:\/\/ignoramus.cz\/index.php?rest_route=%2Fwp%2Fv2%2Fcomments&post=616"}],"version-history":[{"count":77,"href":"https:\/\/ignoramus.cz\/index.php?rest_route=\/wp\/v2\/pages\/616\/revisions"}],"predecessor-version":[{"id":1189,"href":"https:\/\/ignoramus.cz\/index.php?rest_route=\/wp\/v2\/pages\/616\/revisions\/1189"}],"wp:attachment":[{"href":"https:\/\/ignoramus.cz\/index.php?rest_route=%2Fwp%2Fv2%2Fmedia&parent=616"}],"curies":[{"name":"wp","href":"https:\/\/api.w.org\/{rel}","templated":true}]}}