{"id":633,"date":"2020-11-02T20:55:01","date_gmt":"2020-11-02T20:55:01","guid":{"rendered":"http:\/\/ignoramus.cz\/?page_id=633"},"modified":"2021-10-22T18:28:30","modified_gmt":"2021-10-22T18:28:30","slug":"633-2","status":"publish","type":"page","link":"https:\/\/ignoramus.cz\/?page_id=633","title":{"rendered":"Leta p\u00e1n\u011b Amerika"},"content":{"rendered":"\n<p class=\"has-text-align-center\">Ignoramus \u2013 Nekorektn\u00ed z\u00e1pisn\u00edk ze \u017eivota v zemi, kde z\u00edtra bylo u\u017e v\u010dera (2013)<\/p>\n\n\n\n<div class=\"wp-block-group alignwide\"><div class=\"wp-block-group__inner-container\">\n<div class=\"wp-block-image\"><figure class=\"aligncenter is-resized\"><img loading=\"lazy\" src=\"http:\/\/ignoramus.cz\/wp-content\/uploads\/2020\/11\/Igno-3.jpg\" alt=\"\" class=\"wp-image-657\" width=\"196\" height=\"254\" srcset=\"https:\/\/ignoramus.cz\/wp-content\/uploads\/2020\/11\/Igno-3.jpg 742w, https:\/\/ignoramus.cz\/wp-content\/uploads\/2020\/11\/Igno-3-232x300.jpg 232w, https:\/\/ignoramus.cz\/wp-content\/uploads\/2020\/11\/Igno-3-640x828.jpg 640w, https:\/\/ignoramus.cz\/wp-content\/uploads\/2020\/11\/Igno-3-600x776.jpg 600w\" sizes=\"(max-width: 196px) 100vw, 196px\" \/><\/figure><\/div>\n<\/div><\/div>\n\n\n\n<p class=\"has-text-align-center\">Liter\u00e1rn\u00ed epos \u010desk\u00e9ho rod\u00e1ka o jeho prvotn\u00edch z\u00e1\u017eitc\u00edch a \u00fatrap\u00e1ch ze zem\u011b, kam si lid\u00e9 dle b\u00e1jn\u00e9 legendy o americk\u00e9m snu v\u017edy jezdili plnit sv\u00e9 touhy a kapsy pen\u011bzi. Realita \u010di m\u00fdtus? Zv\u00edt\u011bz\u00ed n\u00e1\u0161 antihrdina nad svoji naivitou a nezku\u0161enost\u00ed v zemi pln\u00e9 p\u0159ekvapen\u00ed, n\u00e1strah a vzru\u0161en\u00ed, anebo se podd\u00e1 jej\u00edm svod\u016fm a p\u0159ijde v pr\u016fb\u011bhu sv\u00e9ho velkolep\u00e9ho dobrodru\u017estv\u00ed i o to posledn\u00ed, co mu tajemn\u00fd str\u00fd\u010dek Sam nesta\u010dil vyst\u0159elit revolerem Smith&amp;Weson z jeho uzl\u00ed\u010dku dovednost\u00ed, tedy o ten kr\u00e1sn\u00fd \u010desk\u00fd selsk\u00fd&nbsp;rozum? To v\u0161e a mnohem v\u00edce lze naj\u00edt v tomto naprosto ojedin\u011bl\u00e9m d\u00edle, jeho\u017e hodnota je nevy\u010d\u00edsliteln\u00e1, co se osobn\u00edch zku\u0161enost\u00ed a v\u00fdjev\u016f t\u00fdk\u00e1, kter\u00e9 nikde jinde nenajdete. To V\u00e1m mohu garantovat! &nbsp;<strong><a href=\"https:\/\/www.kosmas.cz\/autor\/77240\/filip-sorf\/\">K dost\u00e1n\u00ed zde.<\/a><\/strong><\/p>\n\n\n\n<p><\/p>\n\n\n\n<p class=\"has-text-align-center\">Amerika \u2013 V\u0161echno je jinak (2017)<\/p>\n\n\n\n<div class=\"wp-block-image\"><figure class=\"aligncenter size-large is-resized\"><img loading=\"lazy\" src=\"http:\/\/ignoramus.cz\/wp-content\/uploads\/2020\/11\/front-791x1024.jpg\" alt=\"\" class=\"wp-image-673\" width=\"196\" height=\"254\" srcset=\"https:\/\/ignoramus.cz\/wp-content\/uploads\/2020\/11\/front-791x1024.jpg 791w, https:\/\/ignoramus.cz\/wp-content\/uploads\/2020\/11\/front-232x300.jpg 232w, https:\/\/ignoramus.cz\/wp-content\/uploads\/2020\/11\/front-768x994.jpg 768w, https:\/\/ignoramus.cz\/wp-content\/uploads\/2020\/11\/front-1187x1536.jpg 1187w, https:\/\/ignoramus.cz\/wp-content\/uploads\/2020\/11\/front-1583x2048.jpg 1583w, https:\/\/ignoramus.cz\/wp-content\/uploads\/2020\/11\/front-640x828.jpg 640w, https:\/\/ignoramus.cz\/wp-content\/uploads\/2020\/11\/front-600x776.jpg 600w, https:\/\/ignoramus.cz\/wp-content\/uploads\/2020\/11\/front-scaled.jpg 1978w\" sizes=\"(max-width: 196px) 100vw, 196px\" \/><\/figure><\/div>\n\n\n\n<p class=\"has-text-align-center\">Dal\u0161\u00ed d\u00edl do antologie o proz\u0159etelnosti, o b\u00e1je\u010dn\u00e9m sv\u011bt\u011b jako z plak\u00e1tu vykreslen\u00e9m v kr\u00e1tk\u00fdch glos\u00e1ch, ve kter\u00fdch se autor pou\u0161t\u00ed do kulometn\u00e9 palby na v\u0161echny zn\u00e1m\u00e9 amerikanismy na\u0161\u00ed doby. \u017divot v Americe je prezentov\u00e1n v prost\u00e9, n\u011bkdy i vulg\u00e1rn\u00ed nahot\u011b bez Hollywoodsk\u00fdch cukrkandl\u016f, palis\u00e1d hojnosti a konzumn\u00edho opojen\u00ed. Cel\u00e1 dne\u0161n\u00ed Amerika sp\u00ed\u0161e p\u0159\u00edpom\u00edn\u00e1 kabaret sv\u011btel a lascivn\u00ed hudby l\u00e1kaj\u00edc\u00ed prost\u00fd lid na atrakce o raketov\u00e9 prosperit\u011b a bezb\u0159eh\u00e9 svobod\u011b. To v\u0161e serv\u00edrovan\u00e9 s vydatnou porc\u00ed fale\u0161n\u00e9 v\u00edry jako od pou\u0165ov\u00e9ho prodava\u010de magick\u00fdch talisman\u016f. V\u0161echno je jinak. Amerika je na sedativech celof\u00e1nov\u00e9 v\u00fdjme\u010dnosti, v dluhov\u00e9 pasti mafi\u00e1nsk\u00e9ho zp\u016fsobu hospoda\u0159en\u00ed a s lidmi p\u0159ipoutan\u00fdch na seda\u010dk\u00e1ch korpor\u00e1tn\u00edho tobog\u00e1nu, ze kter\u00e9ho lze vystoupit jen s&nbsp;k\u0159\u00ed\u017ekem po funuse. Pono\u0159ete se do hlubin americk\u00e9ho \u017eivota, tak jak ho nezn\u00e1te a asi u\u017e nikdy nepozn\u00e1te. <a href=\"https:\/\/www.alza.cz\/media\/amerika-d6316123.htm\"><strong>K dost\u00e1n\u00ed zde.<\/strong><\/a><\/p>\n\n\n\n<p><\/p>\n\n\n\n<p class=\"has-text-align-center\">Oblivious &#8211; Po trajektorii bol\u0161evick\u00e9 revoluce v USA (2021)<\/p>\n\n\n\n<div class=\"wp-block-image\"><figure class=\"aligncenter size-large is-resized\"><img loading=\"lazy\" src=\"http:\/\/ignoramus.cz\/wp-content\/uploads\/2021\/02\/obsfront-1-791x1024.jpg\" alt=\"\" class=\"wp-image-901\" width=\"196\" height=\"254\" srcset=\"https:\/\/ignoramus.cz\/wp-content\/uploads\/2021\/02\/obsfront-1-791x1024.jpg 791w, https:\/\/ignoramus.cz\/wp-content\/uploads\/2021\/02\/obsfront-1-232x300.jpg 232w, https:\/\/ignoramus.cz\/wp-content\/uploads\/2021\/02\/obsfront-1-768x994.jpg 768w, https:\/\/ignoramus.cz\/wp-content\/uploads\/2021\/02\/obsfront-1-1187x1536.jpg 1187w, https:\/\/ignoramus.cz\/wp-content\/uploads\/2021\/02\/obsfront-1-1583x2048.jpg 1583w, https:\/\/ignoramus.cz\/wp-content\/uploads\/2021\/02\/obsfront-1-640x828.jpg 640w, https:\/\/ignoramus.cz\/wp-content\/uploads\/2021\/02\/obsfront-1-scaled.jpg 1978w\" sizes=\"(max-width: 196px) 100vw, 196px\" \/><\/figure><\/div>\n\n\n\n<p class=\"has-text-align-center\">Pokra\u010dov\u00e1n\u00ed pitoreskn\u00ed kolekce glos a zamy\u0161len\u00ed jednoho \u010cecha, kter\u00fd se na sv\u00e9 pouti za americk\u00fdm snem stal tak\u00e9 n\u00e1hodn\u00fdm sv\u011bdkem rozpadu fenom\u00e9nu jm\u00e9nem Amerika. Ta se v pr\u016fb\u011bhu let transformovala z m\u00fdtick\u00e9ho maj\u00e1ku svobody, prosperity a t\u00e9m\u011b\u0159 magick\u00e9 krajiny nespoutanosti lidsk\u00e9ho ducha na bol\u0161evickou tov\u00e1rnu produkuj\u00edc\u00ed okovy absolutn\u00ed bezmoci, vynucen\u00e9ho strachu a naprogramovan\u00e9 nen\u00e1visti. Ameri\u010dan\u00e9 syceni a hypnotizov\u00e1ni medi\u00e1ln\u00ed hloupost\u00ed n\u00e1sleduj\u00ed fale\u0161n\u00e9 mesi\u00e1\u0161e do propasti masov\u00e9 pod\u0159\u00edzenosti vy\u0161\u0161\u00ed moci a mnoz\u00ed tomu je\u0161t\u011b tleskaj\u00ed ze sv\u00fdch vypolstrovan\u00fdch k\u0159esel. \u00a0Amerika je u konce s dechem a s jej\u00ed malomocnost\u00ed padne i cel\u00fd z\u00e1padn\u00ed sv\u011bt. Na jej\u00edm popelu vyroste \u00fapln\u011b jin\u00fd spole\u010densk\u00fd kolos vyhovuj\u00edc\u00ed skute\u010dn\u00fdm vl\u00e1dc\u016fm na pomysln\u00e9 pyramid\u011b moci. Prezentovan\u00e9 glosy p\u0159edstavuj\u00ed pouhou malou sondou do t\u00e9mat, kter\u00e9 maj\u00ed z\u00e1sadn\u00ed vliv na sou\u010dasn\u00e9 d\u011bn\u00ed v USA, ale i jinde ve sv\u011bt\u011b. Autor tak kon\u010d\u00ed sv\u00e9 mnohalet\u00e9 b\u00e1d\u00e1n\u00ed o americk\u00e9m snu t\u00edm, \u017ee samotnou Ameriku \u010dek\u00e1 revolu\u010dn\u00ed pnut\u00ed, a i on s\u00e1m ji\u017e bojuje na barik\u00e1d\u00e1ch ideologick\u00fdch, ale nakonec jako dal\u0161\u00ed Ameri\u010dan\u00e9 povstane i na t\u011bch skute\u010dn\u00fdch s \u0159emdihem v ruce proti bol\u0161evick\u00fdm hord\u00e1m, termin\u00e1tor\u016fm sou\u010dasnosti, kte\u0159\u00ed cht\u011bj\u00ed zni\u010dit sv\u011bt, aby z n\u011bj mohli vybudovat svoji komunistickou utopii ve stylu Skynet. Nen\u00ed pochyb, \u017ee nakonec usp\u011bj\u00ed, ale nebude to bez boje!\u00a0<a href=\"http:\/\/sorff.gumroad.com\/l\/SNZWf\"><strong>K dost\u00e1n\u00ed zde.<\/strong><\/a><\/p>\n","protected":false},"excerpt":{"rendered":"<p>Ignoramus \u2013 Nekorektn\u00ed z\u00e1pisn\u00edk ze \u017eivota v zemi, kde z\u00edtra bylo u\u017e v\u010dera (2013) Liter\u00e1rn\u00ed epos \u010desk\u00e9ho rod\u00e1ka o jeho prvotn\u00edch z\u00e1\u017eitc\u00edch a \u00fatrap\u00e1ch ze zem\u011b, kam si lid\u00e9 dle b\u00e1jn\u00e9 legendy o americk\u00e9m snu v\u017edy jezdili plnit sv\u00e9 touhy a kapsy pen\u011bzi. Realita \u010di m\u00fdtus? Zv\u00edt\u011bz\u00ed n\u00e1\u0161 antihrdina nad svoji naivitou a nezku\u0161enost\u00ed v [&hellip;]<\/p>\n","protected":false},"author":1,"featured_media":0,"parent":0,"menu_order":0,"comment_status":"closed","ping_status":"closed","template":"","meta":{"spay_email":""},"_links":{"self":[{"href":"https:\/\/ignoramus.cz\/index.php?rest_route=\/wp\/v2\/pages\/633"}],"collection":[{"href":"https:\/\/ignoramus.cz\/index.php?rest_route=\/wp\/v2\/pages"}],"about":[{"href":"https:\/\/ignoramus.cz\/index.php?rest_route=\/wp\/v2\/types\/page"}],"author":[{"embeddable":true,"href":"https:\/\/ignoramus.cz\/index.php?rest_route=\/wp\/v2\/users\/1"}],"replies":[{"embeddable":true,"href":"https:\/\/ignoramus.cz\/index.php?rest_route=%2Fwp%2Fv2%2Fcomments&post=633"}],"version-history":[{"count":34,"href":"https:\/\/ignoramus.cz\/index.php?rest_route=\/wp\/v2\/pages\/633\/revisions"}],"predecessor-version":[{"id":990,"href":"https:\/\/ignoramus.cz\/index.php?rest_route=\/wp\/v2\/pages\/633\/revisions\/990"}],"wp:attachment":[{"href":"https:\/\/ignoramus.cz\/index.php?rest_route=%2Fwp%2Fv2%2Fmedia&parent=633"}],"curies":[{"name":"wp","href":"https:\/\/api.w.org\/{rel}","templated":true}]}}